{"id":1173,"date":"2024-04-04T07:24:19","date_gmt":"2024-04-04T05:24:19","guid":{"rendered":"https:\/\/websites-chicamochafilms.kpxgpo.easypanel.host\/?page_id=1173"},"modified":"2024-04-04T18:50:50","modified_gmt":"2024-04-04T16:50:50","slug":"tokyo-por-siempre","status":"publish","type":"page","link":"https:\/\/chicamochafilms.com\/en\/tokyo-por-siempre\/","title":{"rendered":"TOKYO FOREVER"},"content":{"rendered":"<div data-elementor-type=\"wp-page\" data-elementor-id=\"1173\" class=\"elementor elementor-1173\">\n\t\t\t\t\t\t<section class=\"elementor-section elementor-top-section elementor-element elementor-element-d075c9e elementor-section-full_width elementor-section-height-default elementor-section-height-default\" data-id=\"d075c9e\" data-element_type=\"section\">\n\t\t\t\t\t\t<div class=\"elementor-container elementor-column-gap-no\">\n\t\t\t\t\t<div class=\"elementor-column elementor-col-100 elementor-top-column elementor-element elementor-element-4a583eb\" data-id=\"4a583eb\" data-element_type=\"column\">\n\t\t\t<div class=\"elementor-widget-wrap elementor-element-populated\">\n\t\t\t\t\t\t<div class=\"elementor-element elementor-element-bde3fc4 elementor-align-left elementor-widget elementor-widget-bdevs-banner\" data-id=\"bde3fc4\" data-element_type=\"widget\" data-widget_type=\"bdevs-banner .default\">\n\t\t\t\t<div class=\"elementor-widget-container\">\n\t\t\t \n\n<div class=\"page--area page--height pos-relative fix d-flex align-items-center\" data-background=\"https:\/\/websites-chicamochafilms.kpxgpo.easypanel.host\/wp-content\/uploads\/2024\/04\/sl02b.jpg\" data-overlay=\"pure-black\" data-opacity=\"8\">\n\n\t\t\t\n\n        <div class=\"container\">\n\n            <div class=\"row align-items-center\">\n\n                <div class=\"col-sm-12 text-center\">\n\n                    <div class=\"page--title\">\n\n                        <h1 class=\"white-color fw-700 wow fadeInDown animated\" data-wow-duration=\"1s\" data-wow-delay=\".5s\">TOKYO FOREVER<\/h1>\n\n                    <\/div>\n\n                    <div class=\"breadcrumb-list wow fadeInDown animated\" data-wow-duration=\"1.5s\" data-wow-delay=\".5s\">\n\n                        <ul>\n\n                            <li><a href=\"https:\/\/chicamochafilms.com\/en\/\">Home<\/a><\/li>\n\n                            <li>TOKYO FOREVER<\/li>\n\n                        <\/ul>\n\n                    <\/div>\n\n                <\/div>\n\n            <\/div>\n\n        <\/div>\n\n    <\/div>\n\t\t\t<\/div>\n\t\t\t\t<\/div>\n\t\t\t\t\t<\/div>\n\t\t<\/div>\n\t\t\t\t\t<\/div>\n\t\t<\/section>\n\t\t\t\t<section class=\"elementor-section elementor-top-section elementor-element elementor-element-95e91e6 elementor-section-boxed elementor-section-height-default elementor-section-height-default\" data-id=\"95e91e6\" data-element_type=\"section\">\n\t\t\t\t\t\t<div class=\"elementor-container elementor-column-gap-default\">\n\t\t\t\t\t<div class=\"elementor-column elementor-col-50 elementor-top-column elementor-element elementor-element-5756ce0\" data-id=\"5756ce0\" data-element_type=\"column\">\n\t\t\t<div class=\"elementor-widget-wrap elementor-element-populated\">\n\t\t\t\t\t\t<div class=\"elementor-element elementor-element-522a3a4 elementor-widget elementor-widget-image\" data-id=\"522a3a4\" data-element_type=\"widget\" data-widget_type=\"image.default\">\n\t\t\t\t<div class=\"elementor-widget-container\">\n\t\t\t\t\t\t\t\t\t\t\t\t\t<img fetchpriority=\"high\" decoding=\"async\" width=\"322\" height=\"455\" src=\"https:\/\/chicamochafilms.com\/wp-content\/uploads\/2020\/11\/c2.jpg\" class=\"attachment-large size-large wp-image-624\" alt=\"Tokyo por siempre\" \/>\t\t\t\t\t\t\t\t\t\t\t\t\t<\/div>\n\t\t\t\t<\/div>\n\t\t\t\t\t<\/div>\n\t\t<\/div>\n\t\t\t\t<div class=\"elementor-column elementor-col-50 elementor-top-column elementor-element elementor-element-5ca4ea7\" data-id=\"5ca4ea7\" data-element_type=\"column\">\n\t\t\t<div class=\"elementor-widget-wrap elementor-element-populated\">\n\t\t\t\t\t\t<div class=\"elementor-element elementor-element-fbe8136 elementor-widget elementor-widget-text-editor\" data-id=\"fbe8136\" data-element_type=\"widget\" data-widget_type=\"text-editor.default\">\n\t\t\t\t<div class=\"elementor-widget-container\">\n\t\t\t\t\t\t\t<p><b>Synopsis:<\/b><\/p><p>On the roads of the Chicamocha Canyon, Tokyo, a teenage mechanic, is saddled with the secret of his younger brother's death and confronts his alleged responsibility for his disappearance.<\/p>\t\t\t\t\t\t<\/div>\n\t\t\t\t<\/div>\n\t\t\t\t<div class=\"elementor-element elementor-element-c29f682 elementor-widget elementor-widget-text-editor\" data-id=\"c29f682\" data-element_type=\"widget\" data-widget_type=\"text-editor.default\">\n\t\t\t\t<div class=\"elementor-widget-container\">\n\t\t\t\t\t\t\t<h3><b>Fiction feature film<\/b><span style=\"font-weight: 400;\"> - In <\/span><b>Pre-production<\/b><\/h3><p><b>Production:<\/b><span style=\"font-weight: 400;\"> Colombia \u2013 Germany<\/span><span style=\"font-weight: 400;\"><br \/><\/span><b>World Premiere:<\/b><span style=\"font-weight: 400;\"> Expected for 2025<\/span><span style=\"font-weight: 400;\"><br \/><\/span><b>Estimated budget:<\/b><span style=\"font-weight: 400;\"> 550.000 USD<\/span><span style=\"font-weight: 400;\"><br \/><\/span><b>Genre:<\/b><span style=\"font-weight: 400;\"> Coming Of Age<\/span><span style=\"font-weight: 400;\"><br \/><\/span><b>Director:<\/b><span style=\"font-weight: 400;\"> Andr\u00e9s Pi\u00f1eros<\/span><span style=\"font-weight: 400;\"><br \/><\/span><b>Duration:<\/b><span style=\"font-weight: 400;\"> 90 minutes<\/span><\/p>\t\t\t\t\t\t<\/div>\n\t\t\t\t<\/div>\n\t\t\t\t\t<\/div>\n\t\t<\/div>\n\t\t\t\t\t<\/div>\n\t\t<\/section>\n\t\t\t\t<section class=\"elementor-section elementor-top-section elementor-element elementor-element-6abd998 elementor-section-boxed elementor-section-height-default elementor-section-height-default\" data-id=\"6abd998\" data-element_type=\"section\">\n\t\t\t\t\t\t<div class=\"elementor-container elementor-column-gap-default\">\n\t\t\t\t\t<div class=\"elementor-column elementor-col-100 elementor-top-column elementor-element elementor-element-65033e5\" data-id=\"65033e5\" data-element_type=\"column\">\n\t\t\t<div class=\"elementor-widget-wrap elementor-element-populated\">\n\t\t\t\t\t\t<div class=\"elementor-element elementor-element-c289faa elementor-widget elementor-widget-image\" data-id=\"c289faa\" data-element_type=\"widget\" data-widget_type=\"image.default\">\n\t\t\t\t<div class=\"elementor-widget-container\">\n\t\t\t\t\t\t\t\t\t\t\t\t\t<img decoding=\"async\" width=\"351\" height=\"243\" src=\"https:\/\/chicamochafilms.com\/wp-content\/uploads\/2024\/03\/Simboolo.png\" class=\"attachment-large size-large wp-image-628\" alt=\"\" \/>\t\t\t\t\t\t\t\t\t\t\t\t\t<\/div>\n\t\t\t\t<\/div>\n\t\t\t\t\t<\/div>\n\t\t<\/div>\n\t\t\t\t\t<\/div>\n\t\t<\/section>\n\t\t\t\t<\/div>","protected":false},"excerpt":{"rendered":"<p>Tokyo por siempre Home Tokyo por siempre Sinopsis:En las carreteras del Ca\u00f1\u00f3n del Chicamocha, Tokyo, un mec\u00e1nico adolescente, carga con el secreto de la muerte de su hermano menor y se enfrenta a su supuesta responsabilidad en su desaparici\u00f3n.Largometraje de ficci\u00f3n &#8211; En etapa de Preproducci\u00f3nProducci\u00f3n: Colombia &#8211; AlemaniaWorld Premiere: Esperada para 2025Presupuesto estimado: 550.000 [&hellip;]<\/p>","protected":false},"author":1,"featured_media":0,"parent":0,"menu_order":0,"comment_status":"closed","ping_status":"closed","template":"page-templates\/about-us.php","meta":{"inline_featured_image":false,"footnotes":""},"class_list":["post-1173","page","type-page","status-publish","hentry"],"_links":{"self":[{"href":"https:\/\/chicamochafilms.com\/en\/wp-json\/wp\/v2\/pages\/1173","targetHints":{"allow":["GET"]}}],"collection":[{"href":"https:\/\/chicamochafilms.com\/en\/wp-json\/wp\/v2\/pages"}],"about":[{"href":"https:\/\/chicamochafilms.com\/en\/wp-json\/wp\/v2\/types\/page"}],"author":[{"embeddable":true,"href":"https:\/\/chicamochafilms.com\/en\/wp-json\/wp\/v2\/users\/1"}],"replies":[{"embeddable":true,"href":"https:\/\/chicamochafilms.com\/en\/wp-json\/wp\/v2\/comments?post=1173"}],"version-history":[{"count":16,"href":"https:\/\/chicamochafilms.com\/en\/wp-json\/wp\/v2\/pages\/1173\/revisions"}],"predecessor-version":[{"id":1214,"href":"https:\/\/chicamochafilms.com\/en\/wp-json\/wp\/v2\/pages\/1173\/revisions\/1214"}],"wp:attachment":[{"href":"https:\/\/chicamochafilms.com\/en\/wp-json\/wp\/v2\/media?parent=1173"}],"curies":[{"name":"wp","href":"https:\/\/api.w.org\/{rel}","templated":true}]}}