{"id":1428,"date":"2024-04-12T00:08:56","date_gmt":"2024-04-11T22:08:56","guid":{"rendered":"https:\/\/websites-chicamochafilms.kpxgpo.easypanel.host\/?page_id=1428"},"modified":"2024-04-12T00:13:48","modified_gmt":"2024-04-11T22:13:48","slug":"quienes-somos","status":"publish","type":"page","link":"https:\/\/chicamochafilms.com\/en\/quienes-somos\/","title":{"rendered":"Who are we?"},"content":{"rendered":"<div data-elementor-type=\"wp-page\" data-elementor-id=\"1428\" class=\"elementor elementor-1428\">\n\t\t\t\t\t\t<section class=\"elementor-section elementor-top-section elementor-element elementor-element-4f5b57c elementor-section-full_width elementor-section-height-default elementor-section-height-default\" data-id=\"4f5b57c\" data-element_type=\"section\">\n\t\t\t\t\t\t<div class=\"elementor-container elementor-column-gap-no\">\n\t\t\t\t\t<div class=\"elementor-column elementor-col-100 elementor-top-column elementor-element elementor-element-7ed7695\" data-id=\"7ed7695\" data-element_type=\"column\">\n\t\t\t<div class=\"elementor-widget-wrap elementor-element-populated\">\n\t\t\t\t\t\t<div class=\"elementor-element elementor-element-e7b95e2 elementor-widget elementor-widget-dl_invent_slider\" data-id=\"e7b95e2\" data-element_type=\"widget\" data-widget_type=\"dl_invent_slider.default\">\n\t\t\t\t<div class=\"elementor-widget-container\">\n\t\t\t\t\t<div class=\"dl-slider swiper-container custom\" dir=\"ltr\" data-settings=\"{&quot;autoplay&quot;:false,&quot;autoplaySpeed&quot;:8000,&quot;speed&quot;:1000,&quot;direction&quot;:&quot;horizontal&quot;,&quot;effect&quot;:&quot;fade&quot;,&quot;initialSlide&quot;:0,&quot;grabCursor&quot;:false,&quot;loop&quot;:false,&quot;pauseOnHover&quot;:false,&quot;parallax&quot;:false,&quot;mousewheel&quot;:false,&quot;navigation&quot;:&quot;&quot;,&quot;pagination&quot;:&quot;&quot;,&quot;pagiStyle&quot;:&quot;style-&quot;}\">\n\t\t\t<div class=\"swiper-wrapper\">\n\t\t\t\t\t\t\t\t<div class=\"swiper-slide elementor-repeater-item-3092796\">\n\t\t\t\t\t<div class=\"slide-img-wrap\"><img decoding=\"async\" src=\"https:\/\/chicamochafilms.com\/wp-content\/uploads\/2024\/04\/Quienes.jpg\" alt=\"Image\" class=\"slide-img kenburns kenburns-top\" style=\"animation-duration: 12000ms;\"\/><\/div>\t\t\t\t\t<div class=\"slider-content-wrap text-left\">\n\t\t\t\t\t\t<div class=\"content-width\">\n                            \t\t\t\t\t\t\t<div class=\"slider-content\">\n\t\t\t\t\t\t\t\t\t\t\t\t\t\t\t\t<div class=\"dl-btn-group\">\n\t\t\t\t\t\t\t\t\t\t\t\t\t\t\t\t\t<\/div>\n\t\t\t\t\t\t\t<\/div>\n\t\t\t\t\t\t<\/div>\n\t\t\t\t\t<\/div>\n\t\t\t\t<\/div>\n\t\t\t\t\t\t\t<\/div>\n\t\t\t\t\t\t<div class=\"slider-preloader\"><div class=\"dot-flashing\"><\/div><\/div>\n\t\t<\/div>\n\t\t\t\t<\/div>\n\t\t\t\t<\/div>\n\t\t\t\t\t<\/div>\n\t\t<\/div>\n\t\t\t\t\t<\/div>\n\t\t<\/section>\n\t\t\t\t<section class=\"elementor-section elementor-top-section elementor-element elementor-element-45e3f97 elementor-section-boxed elementor-section-height-default elementor-section-height-default\" data-id=\"45e3f97\" data-element_type=\"section\">\n\t\t\t\t\t\t<div class=\"elementor-container elementor-column-gap-default\">\n\t\t\t\t\t<div class=\"elementor-column elementor-col-100 elementor-top-column elementor-element elementor-element-c82705c\" data-id=\"c82705c\" data-element_type=\"column\">\n\t\t\t<div class=\"elementor-widget-wrap elementor-element-populated\">\n\t\t\t\t\t\t<div class=\"elementor-element elementor-element-63766dc elementor-widget elementor-widget-heading\" data-id=\"63766dc\" data-element_type=\"widget\" data-widget_type=\"heading.default\">\n\t\t\t\t<div class=\"elementor-widget-container\">\n\t\t\t<h2 class=\"elementor-heading-title elementor-size-default\">Who are we?<\/h2>\t\t<\/div>\n\t\t\t\t<\/div>\n\t\t\t\t<div class=\"elementor-element elementor-element-782b7a0 elementor-widget elementor-widget-text-editor\" data-id=\"782b7a0\" data-element_type=\"widget\" data-widget_type=\"text-editor.default\">\n\t\t\t\t<div class=\"elementor-widget-container\">\n\t\t\t\t\t\t\t<p>We are a Colombian film production company, with offices in the cities of Bucaramanga and Bogot\u00e1.<\/p><p>Our films have been shown in countries such as the United States, France, Poland, Germany and Colombia.<\/p><p>We have been winners on several occasions and categories of the Fund for the Cinematographic Development of Colombia \u2013 FDC.<\/p><p>Currently, we are working on the post-production of the fiction feature film PERROS DE NIEBLA by director Andr\u00e9s Mossos; in the pre-production of the fiction feature film TOKYO POR SIEMPRE, by director Andr\u00e9s Pi\u00f1eros, in co-production with Germany; and in the development of the genre feature film Terror \u2013 LA ANUNCIACI\u00d3N, by director Alfonso Acosta.<\/p><p>In addition to producing films, the company works in another line of business that complements creative work: Rental of Digital Cinema Equipment in the Colombian market.<\/p>\t\t\t\t\t\t<\/div>\n\t\t\t\t<\/div>\n\t\t\t\t\t<\/div>\n\t\t<\/div>\n\t\t\t\t\t<\/div>\n\t\t<\/section>\n\t\t\t\t<section class=\"elementor-section elementor-top-section elementor-element elementor-element-f30de38 elementor-section-boxed elementor-section-height-default elementor-section-height-default\" data-id=\"f30de38\" data-element_type=\"section\">\n\t\t\t\t\t\t<div class=\"elementor-container elementor-column-gap-default\">\n\t\t\t\t\t<div class=\"elementor-column elementor-col-100 elementor-top-column elementor-element elementor-element-aa9e5f2\" data-id=\"aa9e5f2\" data-element_type=\"column\">\n\t\t\t<div class=\"elementor-widget-wrap elementor-element-populated\">\n\t\t\t\t\t\t<div class=\"elementor-element elementor-element-399668e elementor-widget elementor-widget-image\" data-id=\"399668e\" data-element_type=\"widget\" data-widget_type=\"image.default\">\n\t\t\t\t<div class=\"elementor-widget-container\">\n\t\t\t\t\t\t\t\t\t\t\t\t\t<img fetchpriority=\"high\" decoding=\"async\" width=\"351\" height=\"243\" src=\"https:\/\/chicamochafilms.com\/wp-content\/uploads\/2024\/03\/Simboolo.png\" class=\"attachment-large size-large wp-image-628\" alt=\"\" \/>\t\t\t\t\t\t\t\t\t\t\t\t\t<\/div>\n\t\t\t\t<\/div>\n\t\t\t\t\t<\/div>\n\t\t<\/div>\n\t\t\t\t\t<\/div>\n\t\t<\/section>\n\t\t\t\t<\/div>","protected":false},"excerpt":{"rendered":"<p>Qui\u00e9nes somos Somos una empresa colombiana, productora de cine, con oficinas en las ciudades de Bucaramanga y Bogot\u00e1.Nuestras pel\u00edculas se han exhibido en pa\u00edses como Estados Unidos, Francia, Polonia, Alemania y Colombia.Hemos sido ganadores en varias ocasiones y categor\u00edas del Fondo para el desarrollo cinematogr\u00e1fico de Colombia \u2013 FDC.Actualmente, trabajamos en la postproducci\u00f3n del largometraje [&hellip;]<\/p>","protected":false},"author":1,"featured_media":0,"parent":0,"menu_order":0,"comment_status":"closed","ping_status":"closed","template":"page-templates\/home-1.php","meta":{"inline_featured_image":false,"footnotes":""},"class_list":["post-1428","page","type-page","status-publish","hentry"],"_links":{"self":[{"href":"https:\/\/chicamochafilms.com\/en\/wp-json\/wp\/v2\/pages\/1428","targetHints":{"allow":["GET"]}}],"collection":[{"href":"https:\/\/chicamochafilms.com\/en\/wp-json\/wp\/v2\/pages"}],"about":[{"href":"https:\/\/chicamochafilms.com\/en\/wp-json\/wp\/v2\/types\/page"}],"author":[{"embeddable":true,"href":"https:\/\/chicamochafilms.com\/en\/wp-json\/wp\/v2\/users\/1"}],"replies":[{"embeddable":true,"href":"https:\/\/chicamochafilms.com\/en\/wp-json\/wp\/v2\/comments?post=1428"}],"version-history":[{"count":5,"href":"https:\/\/chicamochafilms.com\/en\/wp-json\/wp\/v2\/pages\/1428\/revisions"}],"predecessor-version":[{"id":1435,"href":"https:\/\/chicamochafilms.com\/en\/wp-json\/wp\/v2\/pages\/1428\/revisions\/1435"}],"wp:attachment":[{"href":"https:\/\/chicamochafilms.com\/en\/wp-json\/wp\/v2\/media?parent=1428"}],"curies":[{"name":"wp","href":"https:\/\/api.w.org\/{rel}","templated":true}]}}