{"id":62,"date":"2020-09-21T08:53:19","date_gmt":"2020-09-21T08:53:19","guid":{"rendered":"https:\/\/shtheme.org\/demosd\/miker\/?page_id=62"},"modified":"2025-06-06T06:06:23","modified_gmt":"2025-06-06T04:06:23","slug":"home-one","status":"publish","type":"page","link":"https:\/\/chicamochafilms.com\/en\/","title":{"rendered":"Home"},"content":{"rendered":"<div data-elementor-type=\"wp-page\" data-elementor-id=\"62\" class=\"elementor elementor-62\">\n\t\t\t\t\t\t<section class=\"elementor-section elementor-top-section elementor-element elementor-element-4f5b57c elementor-section-full_width elementor-section-height-default elementor-section-height-default\" data-id=\"4f5b57c\" data-element_type=\"section\">\n\t\t\t\t\t\t<div class=\"elementor-container elementor-column-gap-no\">\n\t\t\t\t\t<div class=\"elementor-column elementor-col-100 elementor-top-column elementor-element elementor-element-7ed7695\" data-id=\"7ed7695\" data-element_type=\"column\">\n\t\t\t<div class=\"elementor-widget-wrap elementor-element-populated\">\n\t\t\t\t\t\t<div class=\"elementor-element elementor-element-e7b95e2 elementor-widget elementor-widget-dl_invent_slider\" data-id=\"e7b95e2\" data-element_type=\"widget\" data-widget_type=\"dl_invent_slider.default\">\n\t\t\t\t<div class=\"elementor-widget-container\">\n\t\t\t\t\t<div class=\"dl-slider swiper-container custom  mobile-none\" dir=\"ltr\" data-settings=\"{&quot;autoplay&quot;:true,&quot;autoplaySpeed&quot;:8000,&quot;speed&quot;:1000,&quot;direction&quot;:&quot;horizontal&quot;,&quot;effect&quot;:&quot;fade&quot;,&quot;initialSlide&quot;:0,&quot;grabCursor&quot;:false,&quot;loop&quot;:true,&quot;pauseOnHover&quot;:false,&quot;parallax&quot;:true,&quot;mousewheel&quot;:false,&quot;navigation&quot;:&quot;yes&quot;,&quot;pagination&quot;:&quot;yes&quot;,&quot;pagiStyle&quot;:&quot;style-1&quot;}\">\n\t\t\t<div class=\"swiper-wrapper\">\n\t\t\t\t\t\t\t\t<div class=\"swiper-slide elementor-repeater-item-3092796\">\n\t\t\t\t\t<div class=\"slide-img-wrap\"><img decoding=\"async\" src=\"https:\/\/chicamochafilms.com\/wp-content\/uploads\/2024\/04\/sl01.jpg\" alt=\"Image\" class=\"slide-img kenburns kenburns-top\" style=\"animation-duration: 12000ms;\"\/><\/div><div class=\"overlay\"><\/div>\t\t\t\t\t<div class=\"slider-content-wrap text-left\">\n\t\t\t\t\t\t<div class=\"content-width\">\n                            \t\t\t\t\t\t\t<div class=\"slider-content\">\n\t\t\t\t\t\t\t\t            <div class=\"dl-caption sub-heading\">\n            <div class=\"inner-layer\"><div class=\"dl-cap\" data-animation=\"dl-fadeIn\" data-delay=\"1000ms\" data-duration=\"1000ms\">\/ DIRECTOR: ANDR\u00c9S MOSSOS<\/div><\/div>            <\/div>\n                <div class=\"dl-caption heading\">\n        <div class=\"inner-layer\"><div class=\"dl-cap\" data-animation=\"dl-fadeIn\" data-delay=\"1000ms\" data-duration=\"1000ms\">DOGS<\/br>\nIN THE FOG<\/div><\/div>        <\/div>\n        \t\t\t\t\t\t\t\t<div class=\"dl-btn-group text-masking\">\n\t\t\t\t\t\t\t\t\t<a href=\"https:\/\/websites-chicamochafilms.kpxgpo.easypanel.host\/perros-de-niebla\" class=\"slider-btn\" data-animation=\"dl-fadeIn\" data-delay=\"1000ms\" data-duration=\"1000ms\">Technical details <i class=\"fas fa-chevron-right\"><\/i><\/a>\t\t\t\t\t\t\t\t<\/div>\n\t\t\t\t\t\t\t<\/div>\n\t\t\t\t\t\t<\/div>\n\t\t\t\t\t<\/div>\n\t\t\t\t<\/div>\n\t\t\t\t\t\t\t\t<div class=\"swiper-slide elementor-repeater-item-356717c\">\n\t\t\t\t\t<div class=\"slide-img-wrap\"><img decoding=\"async\" src=\"https:\/\/chicamochafilms.com\/wp-content\/uploads\/2024\/04\/sl02b.jpg\" alt=\"Image\" class=\"slide-img kenburns kenburns-top\" style=\"animation-duration: 12000ms;\"\/><\/div><div class=\"overlay\"><\/div>\t\t\t\t\t<div class=\"slider-content-wrap text-left\">\n\t\t\t\t\t\t<div class=\"content-width\">\n                            \t\t\t\t\t\t\t<div class=\"slider-content\">\n\t\t\t\t\t\t\t\t            <div class=\"dl-caption sub-heading\">\n            <div class=\"inner-layer\"><div class=\"dl-cap\" data-animation=\"dl-fadeIn\" data-delay=\"1000ms\" data-duration=\"1000ms\">DIRECTOR: ANDR\u00c9S PI\u00d1EROS<\/div><\/div>            <\/div>\n                <div class=\"dl-caption heading\">\n        <div class=\"inner-layer\"><div class=\"dl-cap\" data-animation=\"dl-fadeIn\" data-delay=\"1000ms\" data-duration=\"1000ms\">Tokyo<\/br>FOREVER <\/div><\/div>        <\/div>\n        \t\t\t\t\t\t\t\t<div class=\"dl-btn-group text-masking\">\n\t\t\t\t\t\t\t\t\t<a href=\"https:\/\/websites-chicamochafilms.kpxgpo.easypanel.host\/tokyo-por-siempre\" class=\"slider-btn\" data-animation=\"dl-fadeIn\" data-delay=\"1000ms\" data-duration=\"1000ms\">Technical details <i class=\"fas fa-chevron-right\"><\/i><\/a>\t\t\t\t\t\t\t\t<\/div>\n\t\t\t\t\t\t\t<\/div>\n\t\t\t\t\t\t<\/div>\n\t\t\t\t\t<\/div>\n\t\t\t\t<\/div>\n\t\t\t\t\t\t\t\t<div class=\"swiper-slide elementor-repeater-item-c220a78\">\n\t\t\t\t\t<div class=\"slide-img-wrap\"><img decoding=\"async\" src=\"https:\/\/chicamochafilms.com\/wp-content\/uploads\/2024\/04\/anun.jpg\" alt=\"Image\" class=\"slide-img kenburns kenburns-top\" style=\"animation-duration: 12000ms;\"\/><\/div><div class=\"overlay\"><\/div>\t\t\t\t\t<div class=\"slider-content-wrap text-left\">\n\t\t\t\t\t\t<div class=\"content-width\">\n                            \t\t\t\t\t\t\t<div class=\"slider-content\">\n\t\t\t\t\t\t\t\t            <div class=\"dl-caption sub-heading\">\n            <div class=\"inner-layer\"><div class=\"dl-cap\" data-animation=\"dl-fadeIn\" data-delay=\"1000ms\" data-duration=\"1000ms\">\/ DIRECTOR: ALFONSO ACOSTA<\/div><\/div>            <\/div>\n                <div class=\"dl-caption heading\">\n        <div class=\"inner-layer\"><div class=\"dl-cap\" data-animation=\"dl-fadeIn\" data-delay=\"1000ms\" data-duration=\"1000ms\">The<\/br>ANNUNCIATION<\/div><\/div>        <\/div>\n        \t\t\t\t\t\t\t\t<div class=\"dl-btn-group text-masking\">\n\t\t\t\t\t\t\t\t\t<a href=\"https:\/\/websites-chicamochafilms.kpxgpo.easypanel.host\/la-anunciacion\/\" class=\"slider-btn\" data-animation=\"dl-fadeIn\" data-delay=\"1000ms\" data-duration=\"1000ms\">Technical details <i class=\"fas fa-chevron-right\"><\/i><\/a>\t\t\t\t\t\t\t\t<\/div>\n\t\t\t\t\t\t\t<\/div>\n\t\t\t\t\t\t<\/div>\n\t\t\t\t\t<\/div>\n\t\t\t\t<\/div>\n\t\t\t\t\t\t\t<\/div>\n\t\t\t        <div class=\"dl-slider-controls style-1 autoplay-active\">\n        <div class=\"dl-slider-button-prev\"><svg width='16' viewbox='0 0 16 16' xmlns='http:\/\/www.w3.org\/2000\/svg'><path d='M15 8a.5.5 0 0 0-.5-.5H2.707l3.147-3.146a.5.5 0 1 0-.708-.708l-4 4a.5.5 0 0 0 0 .708l4 4a.5.5 0 0 0 .708-.708L2.707 8.5H14.5A.5.5 0 0 0 15 8z' \/><\/svg><\/div><div class=\"dl-swiper-pagination pagi-style-1\"><\/div><div class=\"dl-slider-button-next\"><svg width='16' viewbox='0 0 16 16' xmlns='http:\/\/www.w3.org\/2000\/svg'><path d='M1 8a.5.5 0 0 1 .5-.5h11.793l-3.147-3.146a.5.5 0 0 1 .708-.708l4 4a.5.5 0 0 1 0 .708l-4 4a.5.5 0 0 1-.708-.708L13.293 8.5H1.5A.5.5 0 0 1 1 8z' \/><\/svg><\/div>        <\/div>\n        \t\t\t<div class=\"slider-preloader\"><div class=\"dot-flashing\"><\/div><\/div>\n\t\t<\/div>\n\t\t\t\t<\/div>\n\t\t\t\t<\/div>\n\t\t\t\t\t<\/div>\n\t\t<\/div>\n\t\t\t\t\t<\/div>\n\t\t<\/section>\n\t\t\t\t<section class=\"elementor-section elementor-top-section elementor-element elementor-element-6c90e13 elementor-section-full_width elementor-section-height-default elementor-section-height-default\" data-id=\"6c90e13\" data-element_type=\"section\">\n\t\t\t\t\t\t<div class=\"elementor-container elementor-column-gap-no\">\n\t\t\t\t\t<div class=\"elementor-column elementor-col-100 elementor-top-column elementor-element elementor-element-3b05ac8\" data-id=\"3b05ac8\" data-element_type=\"column\">\n\t\t\t<div class=\"elementor-widget-wrap elementor-element-populated\">\n\t\t\t\t\t\t<div class=\"elementor-element elementor-element-a8c05ff elementor-align-left elementor-widget elementor-widget-bdevs-about\" data-id=\"a8c05ff\" data-element_type=\"widget\" data-widget_type=\"bdevs-about.default\">\n\t\t\t\t<div class=\"elementor-widget-container\">\n\t\t\t \n<section class=\"about pt-130 pb-100 fix\">\n    <div class=\"container\">\n        <div class=\"row align-items-center\">\n        \t            <div class=\"col-xl-6 col-lg-6 mb-30\">\n                <div class=\"about--left js-tilt aos-init aos-animate\" data-aos=\"fade-left\" data-aos-easing=\"ease-in-sine\" data-aos-duration=\"700\">\n                    <img decoding=\"async\" src=\"https:\/\/websites-chicamochafilms.kpxgpo.easypanel.host\/wp-content\/uploads\/2024\/03\/mezcla.png\" alt=\"about\">\n                <\/div>\n            <\/div>\n            \t\n            <div class=\"col-xl-5 offset-xl-1 col-lg-6 mb-30 aos-init aos-animate\" data-aos=\"fade-right\" data-aos-easing=\"ease-in-sine\" data-aos-duration=\"700\">\n                <div class=\"about--right about--text\">\n                \t                    <img decoding=\"async\" class=\"mb-35 bounce-animate\" src=\"https:\/\/websites-chicamochafilms.kpxgpo.easypanel.host\/wp-content\/uploads\/2024\/03\/Simboolo.png\" alt=\"about\">\n                    \t\n                                        <h2 class=\"mb-20\">Young and Creative Latin American Film Company<\/h2>\n                    \t\n                                        <p>Connecting with audiences through Latin American cinematographic stories that inspire emotions and ideas. <\/p>\n                    \t\n                                        <a href=\"\/en\/quienes-somos\/\" class=\"btn btn--theme btn--line\">Chicamocha Films<\/a>\n                    \t\n                <\/div>\n            <\/div>\n        <\/div>\n    <\/div>\n<\/section>\n\t\t\t<\/div>\n\t\t\t\t<\/div>\n\t\t\t\t\t<\/div>\n\t\t<\/div>\n\t\t\t\t\t<\/div>\n\t\t<\/section>\n\t\t\t\t<section class=\"elementor-section elementor-top-section elementor-element elementor-element-140b1ca elementor-section-full_width elementor-section-height-default elementor-section-height-default\" data-id=\"140b1ca\" data-element_type=\"section\">\n\t\t\t\t\t\t<div class=\"elementor-container elementor-column-gap-no\">\n\t\t\t\t\t<div class=\"elementor-column elementor-col-100 elementor-top-column elementor-element elementor-element-15d037c\" data-id=\"15d037c\" data-element_type=\"column\">\n\t\t\t<div class=\"elementor-widget-wrap elementor-element-populated\">\n\t\t\t\t\t\t<div class=\"elementor-element elementor-element-6be208d elementor-widget elementor-widget-spacer\" data-id=\"6be208d\" data-element_type=\"widget\" data-widget_type=\"spacer.default\">\n\t\t\t\t<div class=\"elementor-widget-container\">\n\t\t\t\t\t<div class=\"elementor-spacer\">\n\t\t\t<div class=\"elementor-spacer-inner\"><\/div>\n\t\t<\/div>\n\t\t\t\t<\/div>\n\t\t\t\t<\/div>\n\t\t\t\t\t<\/div>\n\t\t<\/div>\n\t\t\t\t\t<\/div>\n\t\t<\/section>\n\t\t\t\t<\/div>","protected":false},"excerpt":{"rendered":"<p>\/ DIRECTOR: ANDR\u00c9S MOSSOS PERROS DE NIEBLA FICHA T\u00c9CNICA DIRECTOR: ANDR\u00c9S PI\u00d1EROS Tokyo porSiempre FICHA T\u00c9CNICA \/ DIRECTOR: ALFONSO ACOSTA LaAnunciaci\u00f3n FICHA T\u00c9CNICA Compa\u00f1\u00eda de Cine Latinoamericano Joven y Creativa Conectando con las audiencias a trav\u00e9s de historias cinematogr\u00e1ficas de Am\u00e9rica Latina, que inspiran emociones e ideas. Qu\u00e9 es Chicamocha Films<\/p>","protected":false},"author":1,"featured_media":0,"parent":0,"menu_order":0,"comment_status":"closed","ping_status":"closed","template":"page-templates\/home-1.php","meta":{"inline_featured_image":false,"footnotes":""},"class_list":["post-62","page","type-page","status-publish","hentry"],"_links":{"self":[{"href":"https:\/\/chicamochafilms.com\/en\/wp-json\/wp\/v2\/pages\/62","targetHints":{"allow":["GET"]}}],"collection":[{"href":"https:\/\/chicamochafilms.com\/en\/wp-json\/wp\/v2\/pages"}],"about":[{"href":"https:\/\/chicamochafilms.com\/en\/wp-json\/wp\/v2\/types\/page"}],"author":[{"embeddable":true,"href":"https:\/\/chicamochafilms.com\/en\/wp-json\/wp\/v2\/users\/1"}],"replies":[{"embeddable":true,"href":"https:\/\/chicamochafilms.com\/en\/wp-json\/wp\/v2\/comments?post=62"}],"version-history":[{"count":331,"href":"https:\/\/chicamochafilms.com\/en\/wp-json\/wp\/v2\/pages\/62\/revisions"}],"predecessor-version":[{"id":1559,"href":"https:\/\/chicamochafilms.com\/en\/wp-json\/wp\/v2\/pages\/62\/revisions\/1559"}],"wp:attachment":[{"href":"https:\/\/chicamochafilms.com\/en\/wp-json\/wp\/v2\/media?parent=62"}],"curies":[{"name":"wp","href":"https:\/\/api.w.org\/{rel}","templated":true}]}}