{"id":946,"date":"2024-04-01T06:10:02","date_gmt":"2024-04-01T04:10:02","guid":{"rendered":"https:\/\/websites-chicamochafilms.kpxgpo.easypanel.host\/?page_id=946"},"modified":"2024-05-04T21:52:00","modified_gmt":"2024-05-04T19:52:00","slug":"perros-de-niebla","status":"publish","type":"page","link":"https:\/\/chicamochafilms.com\/en\/perros-de-niebla\/","title":{"rendered":"Perros de niebla"},"content":{"rendered":"<div data-elementor-type=\"wp-page\" data-elementor-id=\"946\" class=\"elementor elementor-946\">\n\t\t\t\t\t\t<section class=\"elementor-section elementor-top-section elementor-element elementor-element-d075c9e elementor-section-full_width elementor-section-height-default elementor-section-height-default\" data-id=\"d075c9e\" data-element_type=\"section\">\n\t\t\t\t\t\t<div class=\"elementor-container elementor-column-gap-no\">\n\t\t\t\t\t<div class=\"elementor-column elementor-col-100 elementor-top-column elementor-element elementor-element-4a583eb\" data-id=\"4a583eb\" data-element_type=\"column\">\n\t\t\t<div class=\"elementor-widget-wrap elementor-element-populated\">\n\t\t\t\t\t\t<div class=\"elementor-element elementor-element-bde3fc4 elementor-align-left elementor-widget elementor-widget-bdevs-banner\" data-id=\"bde3fc4\" data-element_type=\"widget\" data-widget_type=\"bdevs-banner .default\">\n\t\t\t\t<div class=\"elementor-widget-container\">\n\t\t\t \n\n<div class=\"page--area page--height pos-relative fix d-flex align-items-center\" data-background=\"https:\/\/websites-chicamochafilms.kpxgpo.easypanel.host\/wp-content\/uploads\/2024\/04\/sl01-1.jpg\" data-overlay=\"pure-black\" data-opacity=\"8\">\n\n\t\t\t\n\n        <div class=\"container\">\n\n            <div class=\"row align-items-center\">\n\n                <div class=\"col-sm-12 text-center\">\n\n                    <div class=\"page--title\">\n\n                        <h1 class=\"white-color fw-700 wow fadeInDown animated\" data-wow-duration=\"1s\" data-wow-delay=\".5s\">PERROS DE NIEBLA \u2013 DOGS IN THE FOG<\/h1>\n\n                    <\/div>\n\n                    <div class=\"breadcrumb-list wow fadeInDown animated\" data-wow-duration=\"1.5s\" data-wow-delay=\".5s\">\n\n                        <ul>\n\n                            <li><a href=\"https:\/\/chicamochafilms.com\/en\/\">Home<\/a><\/li>\n\n                            <li>PERROS DE NIEBLA \u2013 DOGS IN THE FOG<\/li>\n\n                        <\/ul>\n\n                    <\/div>\n\n                <\/div>\n\n            <\/div>\n\n        <\/div>\n\n    <\/div>\n\t\t\t<\/div>\n\t\t\t\t<\/div>\n\t\t\t\t\t<\/div>\n\t\t<\/div>\n\t\t\t\t\t<\/div>\n\t\t<\/section>\n\t\t\t\t<section class=\"elementor-section elementor-top-section elementor-element elementor-element-95e91e6 elementor-section-boxed elementor-section-height-default elementor-section-height-default\" data-id=\"95e91e6\" data-element_type=\"section\">\n\t\t\t\t\t\t<div class=\"elementor-container elementor-column-gap-default\">\n\t\t\t\t\t<div class=\"elementor-column elementor-col-50 elementor-top-column elementor-element elementor-element-5756ce0\" data-id=\"5756ce0\" data-element_type=\"column\">\n\t\t\t<div class=\"elementor-widget-wrap elementor-element-populated\">\n\t\t\t\t\t\t<div class=\"elementor-element elementor-element-522a3a4 elementor-widget elementor-widget-image\" data-id=\"522a3a4\" data-element_type=\"widget\" data-widget_type=\"image.default\">\n\t\t\t\t<div class=\"elementor-widget-container\">\n\t\t\t\t\t\t\t\t\t\t\t\t\t<img fetchpriority=\"high\" decoding=\"async\" width=\"322\" height=\"455\" src=\"https:\/\/chicamochafilms.com\/wp-content\/uploads\/2020\/11\/c1.jpg\" class=\"attachment-large size-large wp-image-623\" alt=\"Perros de Niebla\" \/>\t\t\t\t\t\t\t\t\t\t\t\t\t<\/div>\n\t\t\t\t<\/div>\n\t\t\t\t\t<\/div>\n\t\t<\/div>\n\t\t\t\t<div class=\"elementor-column elementor-col-50 elementor-top-column elementor-element elementor-element-5ca4ea7\" data-id=\"5ca4ea7\" data-element_type=\"column\">\n\t\t\t<div class=\"elementor-widget-wrap elementor-element-populated\">\n\t\t\t\t\t\t<div class=\"elementor-element elementor-element-924b656 elementor-widget elementor-widget-heading\" data-id=\"924b656\" data-element_type=\"widget\" data-widget_type=\"heading.default\">\n\t\t\t\t<div class=\"elementor-widget-container\">\n\t\t\t<h3 class=\"elementor-heading-title elementor-size-default\">The strongest don't always survive.<\/h3>\t\t<\/div>\n\t\t\t\t<\/div>\n\t\t\t\t<div class=\"elementor-element elementor-element-fbe8136 elementor-widget elementor-widget-text-editor\" data-id=\"fbe8136\" data-element_type=\"widget\" data-widget_type=\"text-editor.default\">\n\t\t\t\t<div class=\"elementor-widget-container\">\n\t\t\t\t\t\t\t<p><b>Synopsis:<\/b><\/p><p><span style=\"font-weight: 400;\">Juan, a young gang member, walks with the first rays of the sun through his neighborhood with his dog Chimoltrufia. When he approaches the neighborhood church through the fog, he manages to see several stray dogs in the area hanging from a tree. This fact marks the entry of the so-called social cleansing into the neighborhood to take over drug and weapons trafficking.<\/span><\/p>\t\t\t\t\t\t<\/div>\n\t\t\t\t<\/div>\n\t\t\t\t<div class=\"elementor-element elementor-element-c29f682 elementor-widget elementor-widget-text-editor\" data-id=\"c29f682\" data-element_type=\"widget\" data-widget_type=\"text-editor.default\">\n\t\t\t\t<div class=\"elementor-widget-container\">\n\t\t\t\t\t\t\t<h3><b>Fiction feature film<\/b><span style=\"font-weight: 400;\"> - In <\/span><b>Post-production stage<\/b><\/h3><p><b>Production:<\/b><span style=\"font-weight: 400;\"> Colombia<\/span> <span style=\"font-weight: 400;\"><br \/><\/span><b>World Premiere:<\/b><span style=\"font-weight: 400;\"> Expected for 2024<\/span><span style=\"font-weight: 400;\"><br \/><\/span><b>Estimated budget:<\/b><span style=\"font-weight: 400;\"> 250.000 USD <\/span><span style=\"font-weight: 400;\"><br \/><\/span><b>Genre:<\/b><span style=\"font-weight: 400;\"> Coming Of Age<\/span><span style=\"font-weight: 400;\"><br \/><\/span><b>Director:<\/b><span style=\"font-weight: 400;\"> Andr\u00e9s Mossos<\/span><span style=\"font-weight: 400;\">\u00a0<\/span><span style=\"font-weight: 400;\"><br \/><\/span><b>Duration:<\/b><span style=\"font-weight: 400;\"> 80 minutes\u00a0<\/span><\/p>\t\t\t\t\t\t<\/div>\n\t\t\t\t<\/div>\n\t\t\t\t\t<\/div>\n\t\t<\/div>\n\t\t\t\t\t<\/div>\n\t\t<\/section>\n\t\t\t\t<section class=\"elementor-section elementor-top-section elementor-element elementor-element-fc72adf elementor-section-boxed elementor-section-height-default elementor-section-height-default\" data-id=\"fc72adf\" data-element_type=\"section\">\n\t\t\t\t\t\t<div class=\"elementor-container elementor-column-gap-default\">\n\t\t\t\t\t<div class=\"elementor-column elementor-col-100 elementor-top-column elementor-element elementor-element-49bba83\" data-id=\"49bba83\" data-element_type=\"column\">\n\t\t\t<div class=\"elementor-widget-wrap elementor-element-populated\">\n\t\t\t\t\t\t<div class=\"elementor-element elementor-element-d292794 elementor-align-center elementor-widget elementor-widget-bdevs-gallery\" data-id=\"d292794\" data-element_type=\"widget\" data-widget_type=\"bdevs-gallery.default\">\n\t\t\t\t<div class=\"elementor-widget-container\">\n\t\t\t \n\n\t\t<section class=\"gallery pb-100 fix\">\n\n        <div class=\"container\">\n\n            <div class=\"row\">\n\n                <div class=\"col-sm-12\">\n\n                    <div class=\"section-title text-center mb-65\">\n\n                    \t\t\n\n                        \t\n\n                    <\/div>\n\n                <\/div>\n\n            <\/div>\n\n            <div class=\"row mb-50\">\n\n                <div class=\"col-lg-5 col-md-6 pt-50\">\n\n                    <div class=\"gallery--box mb-30 aos-init aos-animate\" data-aos=\"fade-right\" data-aos-easing=\"ease-in-sine\" data-aos-duration=\"500\" data-aos-delay=\"200\" data-overlay=\"pure-black\" data-opacity=\"3\">\n\n                        <a href=\"\"><img decoding=\"async\" src=\"https:\/\/websites-chicamochafilms.kpxgpo.easypanel.host\/wp-content\/uploads\/2024\/04\/perros1.jpg\" alt=\"\"><\/a>\n\n                        <a class=\"play popup-video\" href=\"https:\/\/www.youtube.com\/watch?v=GPQh4iHjl5w\"><i class=\"fas fa-play\"><\/i><\/a>\n\n                    <\/div>\n\n                    <div class=\"gallery--box mb-30 text-right aos-init aos-animate\" data-aos=\"fade-up\" data-aos-easing=\"ease-in-sine\" data-aos-duration=\"500\" data-aos-delay=\"200\">\n\n                        <a href=\"\"><img decoding=\"async\" src=\"https:\/\/websites-chicamochafilms.kpxgpo.easypanel.host\/wp-content\/uploads\/2024\/04\/perros2.jpg\" alt=\"\"><\/a>\n\n                    <\/div>\n\n                <\/div>\n\n                <div class=\"col-lg-7 col-md-6\">\n\n                    <div class=\"row align-items-end\">\n\n                        <div class=\"col-lg-7\">\n\n                            <div class=\"gallery--box mb-30 aos-init aos-animate\" data-aos=\"fade-down\" data-aos-easing=\"ease-in-sine\" data-aos-duration=\"500\" data-aos-delay=\"200\">\n\n                                <a href=\"\"><img decoding=\"async\" class=\"img\" src=\"https:\/\/websites-chicamochafilms.kpxgpo.easypanel.host\/wp-content\/uploads\/2024\/04\/perros3.jpg\" alt=\"\"><\/a>\n\n                            <\/div>\n\n                        <\/div>\n\n                        <div class=\"col-lg-5\">\n\n                            <div class=\"gallery--box mb-30 aos-init aos-animate\" data-aos=\"fade-left\" data-aos-easing=\"ease-in-sine\" data-aos-duration=\"500\" data-aos-delay=\"200\">\n\n                                <a href=\"\"><img decoding=\"async\" src=\"https:\/\/websites-chicamochafilms.kpxgpo.easypanel.host\/wp-content\/uploads\/2024\/04\/perros4.jpg\" alt=\"\"><\/a>\n\n                            <\/div>\n\n                        <\/div>\n\n                        <div class=\"col-lg-12\">\n\n                            <div class=\"gallery--box mb-30 aos-init aos-animate\" data-aos=\"fade-up\" data-aos-easing=\"ease-in-sine\" data-aos-duration=\"500\" data-aos-delay=\"200\" data-overlay=\"pure-black\" data-opacity=\"3\">\n\n                                <a href=\"\"><img decoding=\"async\" src=\"https:\/\/websites-chicamochafilms.kpxgpo.easypanel.host\/wp-content\/uploads\/2024\/04\/perros5.jpg\"\n\n                                        alt=\"\"><\/a>\n\n                                <a class=\"play popup-video\" href=\"\"><i class=\"fas fa-play\"><\/i><\/a>\n\n                            <\/div>\n\n                        <\/div>\n\n                    <\/div>\n\n                <\/div>\n\n            <\/div>\n\n            \t\n\n        <\/div>\n\n    <\/section>\n\n\t\t\n\n\t\t\t<\/div>\n\t\t\t\t<\/div>\n\t\t\t\t\t<\/div>\n\t\t<\/div>\n\t\t\t\t\t<\/div>\n\t\t<\/section>\n\t\t\t\t<section class=\"elementor-section elementor-top-section elementor-element elementor-element-6abd998 elementor-section-boxed elementor-section-height-default elementor-section-height-default\" data-id=\"6abd998\" data-element_type=\"section\">\n\t\t\t\t\t\t<div class=\"elementor-container elementor-column-gap-default\">\n\t\t\t\t\t<div class=\"elementor-column elementor-col-100 elementor-top-column elementor-element elementor-element-65033e5\" data-id=\"65033e5\" data-element_type=\"column\">\n\t\t\t<div class=\"elementor-widget-wrap elementor-element-populated\">\n\t\t\t\t\t\t<div class=\"elementor-element elementor-element-c289faa elementor-widget elementor-widget-image\" data-id=\"c289faa\" data-element_type=\"widget\" data-widget_type=\"image.default\">\n\t\t\t\t<div class=\"elementor-widget-container\">\n\t\t\t\t\t\t\t\t\t\t\t\t\t<img decoding=\"async\" width=\"351\" height=\"243\" src=\"https:\/\/chicamochafilms.com\/wp-content\/uploads\/2024\/03\/Simboolo.png\" class=\"attachment-large size-large wp-image-628\" alt=\"\" \/>\t\t\t\t\t\t\t\t\t\t\t\t\t<\/div>\n\t\t\t\t<\/div>\n\t\t\t\t\t<\/div>\n\t\t<\/div>\n\t\t\t\t\t<\/div>\n\t\t<\/section>\n\t\t\t\t<\/div>","protected":false},"excerpt":{"rendered":"<p>PERROS DE NIEBLA Home PERROS DE NIEBLA Los m\u00e1s fuertes no siempre sobreviven. Sinopsis:Juan, un joven pandillero, camina con los primeros rayos del sol por su barrio junto a su perra Chimoltrufia, al acercarse a la iglesia del barrio entre la niebla logra ver c\u00f3mo en un \u00e1rbol est\u00e1n ahorcados varios perros callejeros de la [&hellip;]<\/p>","protected":false},"author":1,"featured_media":0,"parent":0,"menu_order":0,"comment_status":"closed","ping_status":"closed","template":"page-templates\/about-us.php","meta":{"inline_featured_image":false,"footnotes":""},"class_list":["post-946","page","type-page","status-publish","hentry"],"_links":{"self":[{"href":"https:\/\/chicamochafilms.com\/en\/wp-json\/wp\/v2\/pages\/946","targetHints":{"allow":["GET"]}}],"collection":[{"href":"https:\/\/chicamochafilms.com\/en\/wp-json\/wp\/v2\/pages"}],"about":[{"href":"https:\/\/chicamochafilms.com\/en\/wp-json\/wp\/v2\/types\/page"}],"author":[{"embeddable":true,"href":"https:\/\/chicamochafilms.com\/en\/wp-json\/wp\/v2\/users\/1"}],"replies":[{"embeddable":true,"href":"https:\/\/chicamochafilms.com\/en\/wp-json\/wp\/v2\/comments?post=946"}],"version-history":[{"count":133,"href":"https:\/\/chicamochafilms.com\/en\/wp-json\/wp\/v2\/pages\/946\/revisions"}],"predecessor-version":[{"id":1546,"href":"https:\/\/chicamochafilms.com\/en\/wp-json\/wp\/v2\/pages\/946\/revisions\/1546"}],"wp:attachment":[{"href":"https:\/\/chicamochafilms.com\/en\/wp-json\/wp\/v2\/media?parent=946"}],"curies":[{"name":"wp","href":"https:\/\/api.w.org\/{rel}","templated":true}]}}